{"id":26,"date":"2013-09-24T01:14:47","date_gmt":"2013-09-24T01:14:47","guid":{"rendered":"http:\/\/sk-lc.com\/portugues\/?page_id=26"},"modified":"2026-01-27T11:21:42","modified_gmt":"2026-01-27T14:21:42","slug":"platform-plataforma","status":"publish","type":"page","link":"https:\/\/sk-lc.com\/portugues\/platform-plataforma\/","title":{"rendered":"Plataforma"},"content":{"rendered":"<div class=\"wpb-content-wrapper\"><p>[vc_row][vc_column][vc_column_text css=&#8221;&#8221;]<span style=\"font-weight: 400;\">Nas aulas online, utilizamos uma plataforma interativa desenvolvida para reuni\u00f5es e treinamentos, o que torna a experi\u00eancia muito mais din\u00e2mica do que uma videochamada comum. Al\u00e9m de \u00e1udio e v\u00eddeo em alta qualidade, ela oferece todos os recursos essenciais das plataformas de reuni\u00f5es online (como compartilhamento de tela, chat e materiais), com um diferencial importante: permite conduzir atividades pr\u00e1ticas, corre\u00e7\u00f5es, simula\u00e7\u00f5es e exerc\u00edcios guiados de forma t\u00e3o completa que, online, conseguimos fazer tudo o que seria feito presencialmente \u2014 com fluidez, organiza\u00e7\u00e3o e foco total no seu desenvolvimento.<\/span>[\/vc_column_text][\/vc_column][\/vc_row]<\/p>\n<\/div>","protected":false},"excerpt":{"rendered":"<p>[vc_row][vc_column][vc_column_text css=&#8221;&#8221;]Nas aulas online, utilizamos uma plataforma interativa desenvolvida para reuni\u00f5es e treinamentos, o que torna a experi\u00eancia muito mais din\u00e2mica do que uma videochamada comum. Al\u00e9m de \u00e1udio e<\/p>\n","protected":false},"author":1,"featured_media":0,"parent":0,"menu_order":0,"comment_status":"open","ping_status":"open","template":"","meta":{"_acf_changed":false,"footnotes":""},"class_list":["post-26","page","type-page","status-publish","hentry"],"acf":[],"_links":{"self":[{"href":"https:\/\/sk-lc.com\/portugues\/wp-json\/wp\/v2\/pages\/26","targetHints":{"allow":["GET"]}}],"collection":[{"href":"https:\/\/sk-lc.com\/portugues\/wp-json\/wp\/v2\/pages"}],"about":[{"href":"https:\/\/sk-lc.com\/portugues\/wp-json\/wp\/v2\/types\/page"}],"author":[{"embeddable":true,"href":"https:\/\/sk-lc.com\/portugues\/wp-json\/wp\/v2\/users\/1"}],"replies":[{"embeddable":true,"href":"https:\/\/sk-lc.com\/portugues\/wp-json\/wp\/v2\/comments?post=26"}],"version-history":[{"count":4,"href":"https:\/\/sk-lc.com\/portugues\/wp-json\/wp\/v2\/pages\/26\/revisions"}],"predecessor-version":[{"id":782,"href":"https:\/\/sk-lc.com\/portugues\/wp-json\/wp\/v2\/pages\/26\/revisions\/782"}],"wp:attachment":[{"href":"https:\/\/sk-lc.com\/portugues\/wp-json\/wp\/v2\/media?parent=26"}],"curies":[{"name":"wp","href":"https:\/\/api.w.org\/{rel}","templated":true}]}}