{"id":509,"date":"2013-09-24T01:13:56","date_gmt":"2013-09-24T01:13:56","guid":{"rendered":"http:\/\/sk-lc.com\/portugues\/?page_id=22"},"modified":"2026-01-27T11:20:36","modified_gmt":"2026-01-27T14:20:36","slug":"method-metodo","status":"publish","type":"page","link":"https:\/\/sk-lc.com\/portugues\/method-metodo\/","title":{"rendered":"M\u00e9todo"},"content":{"rendered":"<div class=\"wpb-content-wrapper\"><p>[vc_row][vc_column][vc_column_text css=&#8221;&#8221;]<span style=\"font-weight: 400; font-size: 12pt;\">Na Seeknowledge, nossa metodologia combina andragogia (aprendizado focado no adulto), neuro aprendizado (como o c\u00e9rebro aprende, ret\u00e9m e automatiza o idioma) e t\u00e9cnicas tradicionais de ensino de l\u00ednguas para criar um processo completo, eficiente e personalizado. Isso significa unir estrutura e consist\u00eancia \u2014 como base gramatical, vocabul\u00e1rio e desenvolvimento das habilidades \u2014 com compreens\u00e3o de como a l\u00edngua inglesa funciona e estrat\u00e9gias que aceleram a aprendizagem por meio de pr\u00e1tica inteligente, repeti\u00e7\u00e3o espa\u00e7ada, contexto real e desenvolvimento de confian\u00e7a na comunica\u00e7\u00e3o. O resultado \u00e9 um ingl\u00eas aplic\u00e1vel \u00e0 sua rotina, com clareza, autonomia e evolu\u00e7\u00e3o mensur\u00e1vel.<\/span>[\/vc_column_text][\/vc_column][\/vc_row]<\/p>\n<\/div>","protected":false},"excerpt":{"rendered":"<p>[vc_row][vc_column][vc_column_text css=&#8221;&#8221;]Na Seeknowledge, nossa metodologia combina andragogia (aprendizado focado no adulto), neuro aprendizado (como o c\u00e9rebro aprende, ret\u00e9m e automatiza o idioma) e t\u00e9cnicas tradicionais de ensino de l\u00ednguas para<\/p>\n","protected":false},"author":1,"featured_media":0,"parent":0,"menu_order":0,"comment_status":"open","ping_status":"open","template":"","meta":{"_acf_changed":false,"footnotes":""},"class_list":["post-509","page","type-page","status-publish","hentry"],"acf":[],"_links":{"self":[{"href":"https:\/\/sk-lc.com\/portugues\/wp-json\/wp\/v2\/pages\/509","targetHints":{"allow":["GET"]}}],"collection":[{"href":"https:\/\/sk-lc.com\/portugues\/wp-json\/wp\/v2\/pages"}],"about":[{"href":"https:\/\/sk-lc.com\/portugues\/wp-json\/wp\/v2\/types\/page"}],"author":[{"embeddable":true,"href":"https:\/\/sk-lc.com\/portugues\/wp-json\/wp\/v2\/users\/1"}],"replies":[{"embeddable":true,"href":"https:\/\/sk-lc.com\/portugues\/wp-json\/wp\/v2\/comments?post=509"}],"version-history":[{"count":7,"href":"https:\/\/sk-lc.com\/portugues\/wp-json\/wp\/v2\/pages\/509\/revisions"}],"predecessor-version":[{"id":781,"href":"https:\/\/sk-lc.com\/portugues\/wp-json\/wp\/v2\/pages\/509\/revisions\/781"}],"wp:attachment":[{"href":"https:\/\/sk-lc.com\/portugues\/wp-json\/wp\/v2\/media?parent=509"}],"curies":[{"name":"wp","href":"https:\/\/api.w.org\/{rel}","templated":true}]}}