{"id":511,"date":"2013-09-24T01:21:43","date_gmt":"2013-09-24T01:21:43","guid":{"rendered":"http:\/\/sk-lc.com\/portugues\/?page_id=47"},"modified":"2026-01-26T10:45:17","modified_gmt":"2026-01-26T13:45:17","slug":"why-learn-portuguese-por-que-aprender-portugues","status":"publish","type":"page","link":"https:\/\/sk-lc.com\/portugues\/why-learn-portuguese-por-que-aprender-portugues\/","title":{"rendered":"Por que aprender portugu\u00eas?"},"content":{"rendered":"<div class=\"wpb-content-wrapper\"><p>[vc_row][vc_column][vc_column_text css=&#8221;&#8221;]<span style=\"font-weight: 400;\">Melhorar sua comunica\u00e7\u00e3o em portugu\u00eas \u00e9 um passo essencial para se destacar em diversas \u00e1reas da vida. Para os brasileiros que sentem dificuldades com a pr\u00f3pria l\u00edngua, investir em aprimoramento pode abrir portas significativas. Em primeiro lugar, uma boa compreens\u00e3o de texto em portugu\u00eas \u00e9 fundamental para a constru\u00e7\u00e3o de relacionamentos pessoais e profissionais mais s\u00f3lidos, permitindo uma intera\u00e7\u00e3o mais clara e significativa com amigos, colegas e clientes. Al\u00e9m disso, uma boa comunica\u00e7\u00e3o ajuda a transmitir ideias de forma mais eficaz, aumentando a confian\u00e7a em apresenta\u00e7\u00f5es e reuni\u00f5es. Isso tamb\u00e9m pode impactar positivamente no ambiente de trabalho, contribuindo para um desenvolvimento profissional mais acelerado. Melhorar suas habilidades lingu\u00edsticas ainda permite um melhor aproveitamento de conte\u00fados culturais, acad\u00eamicos e informativos, enriquecendo seu conhecimento e influenciando positivamente suas opini\u00f5es. Ao se comunicar com clareza, voc\u00ea se torna um participante ativo na sociedade, isso reflete n\u00e3o apenas em sua vida pessoal, mas tamb\u00e9m nas suas oportunidades de carreira.<\/span><\/p>\n<p><span style=\"font-weight: 400;\">Entre em contato e descubra como seu portugu\u00eas pode te ajudar no dia a dia.<\/span>[\/vc_column_text][\/vc_column][\/vc_row]<\/p>\n<\/div>","protected":false},"excerpt":{"rendered":"<p>[vc_row][vc_column][vc_column_text css=&#8221;&#8221;]Melhorar sua comunica\u00e7\u00e3o em portugu\u00eas \u00e9 um passo essencial para se destacar em diversas \u00e1reas da vida. Para os brasileiros que sentem dificuldades com a pr\u00f3pria l\u00edngua, investir em<\/p>\n","protected":false},"author":1,"featured_media":0,"parent":0,"menu_order":0,"comment_status":"open","ping_status":"open","template":"","meta":{"_acf_changed":false,"footnotes":""},"class_list":["post-511","page","type-page","status-publish","hentry"],"acf":[],"_links":{"self":[{"href":"https:\/\/sk-lc.com\/portugues\/wp-json\/wp\/v2\/pages\/511","targetHints":{"allow":["GET"]}}],"collection":[{"href":"https:\/\/sk-lc.com\/portugues\/wp-json\/wp\/v2\/pages"}],"about":[{"href":"https:\/\/sk-lc.com\/portugues\/wp-json\/wp\/v2\/types\/page"}],"author":[{"embeddable":true,"href":"https:\/\/sk-lc.com\/portugues\/wp-json\/wp\/v2\/users\/1"}],"replies":[{"embeddable":true,"href":"https:\/\/sk-lc.com\/portugues\/wp-json\/wp\/v2\/comments?post=511"}],"version-history":[{"count":5,"href":"https:\/\/sk-lc.com\/portugues\/wp-json\/wp\/v2\/pages\/511\/revisions"}],"predecessor-version":[{"id":743,"href":"https:\/\/sk-lc.com\/portugues\/wp-json\/wp\/v2\/pages\/511\/revisions\/743"}],"wp:attachment":[{"href":"https:\/\/sk-lc.com\/portugues\/wp-json\/wp\/v2\/media?parent=511"}],"curies":[{"name":"wp","href":"https:\/\/api.w.org\/{rel}","templated":true}]}}