{"id":520,"date":"2013-09-24T01:28:29","date_gmt":"2013-09-24T01:28:29","guid":{"rendered":"http:\/\/sk-lc.com\/portugues\/?page_id=74"},"modified":"2026-01-26T16:50:57","modified_gmt":"2026-01-26T19:50:57","slug":"proficiency-exams-exames-de-proficiencia","status":"publish","type":"page","link":"https:\/\/sk-lc.com\/portugues\/proficiency-exams-exames-de-proficiencia\/","title":{"rendered":"Exames de Profici\u00eancia"},"content":{"rendered":"<div class=\"wpb-content-wrapper\"><p>[vc_row][vc_column][vc_column_text css=&#8221;&#8221;]<span style=\"font-weight: 400;\">Ter um certificado de profici\u00eancia pode ser o diferencial que voc\u00ea precisa para alcan\u00e7ar novas metas na sua vida pessoal e profissional. Os principais exames de profici\u00eancia em ingl\u00eas, como TOEFL, IELTS, FCE, C1 e BEC, s\u00e3o amplamente reconhecidos e oferecem vantagens significativas para quem deseja validar suas habilidades lingu\u00edsticas. O TOEFL e o IELTS s\u00e3o frequentemente exigidos por universidades em pa\u00edses de l\u00edngua inglesa, facilitando a entrada em programas acad\u00eamicos internacionais. O FCE e o C1 demonstram um dom\u00ednio abrangente da l\u00edngua, ideal para quem busca avan\u00e7ar em suas carreiras ou se integrar em ambientes profissionais exigentes. J\u00e1 o BEC \u00e9 voltado para o ingl\u00eas nos neg\u00f3cios, sendo altamente valorizado em empresas que operam em um mercado global. A certifica\u00e7\u00e3o em qualquer uma dessas avalia\u00e7\u00f5es n\u00e3o apenas enriquece seu curr\u00edculo, mas tamb\u00e9m amplia suas oportunidades de emprego, aumenta a confian\u00e7a em intera\u00e7\u00f5es di\u00e1rias e promove uma melhor compreens\u00e3o de culturas diversas.&nbsp;<\/span><\/p>\n<p><span style=\"font-weight: 400;\">Prepare-se para dar um passo decisivo na sua carreira e na sua vida! Comece a se preparar para um dos exames de profici\u00eancia e abra as portas para novas oportunidades. Entre em contato conosco e descubra como podemos ajud\u00e1-lo a alcan\u00e7ar seu objetivo e conquistar o futuro que voc\u00ea deseja!<\/span>[\/vc_column_text][\/vc_column][\/vc_row]<\/p>\n<\/div>","protected":false},"excerpt":{"rendered":"<p>[vc_row][vc_column][vc_column_text css=&#8221;&#8221;]Ter um certificado de profici\u00eancia pode ser o diferencial que voc\u00ea precisa para alcan\u00e7ar novas metas na sua vida pessoal e profissional. Os principais exames de profici\u00eancia em ingl\u00eas,<\/p>\n","protected":false},"author":1,"featured_media":0,"parent":0,"menu_order":0,"comment_status":"open","ping_status":"open","template":"","meta":{"_acf_changed":false,"footnotes":""},"class_list":["post-520","page","type-page","status-publish","hentry"],"acf":[],"_links":{"self":[{"href":"https:\/\/sk-lc.com\/portugues\/wp-json\/wp\/v2\/pages\/520","targetHints":{"allow":["GET"]}}],"collection":[{"href":"https:\/\/sk-lc.com\/portugues\/wp-json\/wp\/v2\/pages"}],"about":[{"href":"https:\/\/sk-lc.com\/portugues\/wp-json\/wp\/v2\/types\/page"}],"author":[{"embeddable":true,"href":"https:\/\/sk-lc.com\/portugues\/wp-json\/wp\/v2\/users\/1"}],"replies":[{"embeddable":true,"href":"https:\/\/sk-lc.com\/portugues\/wp-json\/wp\/v2\/comments?post=520"}],"version-history":[{"count":4,"href":"https:\/\/sk-lc.com\/portugues\/wp-json\/wp\/v2\/pages\/520\/revisions"}],"predecessor-version":[{"id":764,"href":"https:\/\/sk-lc.com\/portugues\/wp-json\/wp\/v2\/pages\/520\/revisions\/764"}],"wp:attachment":[{"href":"https:\/\/sk-lc.com\/portugues\/wp-json\/wp\/v2\/media?parent=520"}],"curies":[{"name":"wp","href":"https:\/\/api.w.org\/{rel}","templated":true}]}}