{"id":521,"date":"2013-09-24T01:28:47","date_gmt":"2013-09-24T01:28:47","guid":{"rendered":"http:\/\/sk-lc.com\/portugues\/?page_id=76"},"modified":"2026-01-28T14:20:33","modified_gmt":"2026-01-28T17:20:33","slug":"consultoria-coaching-e-treinamento","status":"publish","type":"page","link":"https:\/\/sk-lc.com\/portugues\/consultoria-coaching-e-treinamento\/","title":{"rendered":"Consultoria, coaching e treinamento"},"content":{"rendered":"<div class=\"wpb-content-wrapper\"><p>[vc_row][vc_column][vc_column_text css=&#8221;&#8221;]<span style=\"font-weight: 400;\">Oferecemos servi\u00e7os de consultoria, coaching e treinamento dedicados ao aprimoramento do uso da l\u00edngua inglesa. Nossa <\/span><b>consultoria<\/b><span style=\"font-weight: 400;\"> identifica as necessidades de cada aluno e prop\u00f5e estrat\u00e9gias personalizadas para desenvolvimento. O <\/span><b>coaching<\/b><span style=\"font-weight: 400;\"> motiva e orienta os alunos a alcan\u00e7arem seus objetivos lingu\u00edsticos por meio de pr\u00e1ticas espec\u00edficas. Nossos <\/span><b>treinamentos<\/b><span style=\"font-weight: 400;\"> incluem programas focados em pron\u00fancia, laborat\u00f3rios de express\u00e3o e conversa\u00e7\u00e3o, escrita e <\/span><i><span style=\"font-weight: 400;\">listening<\/span><\/i><span style=\"font-weight: 400;\">, al\u00e9m da amplia\u00e7\u00e3o de vocabul\u00e1rio e da observa\u00e7\u00e3o de diferen\u00e7as culturais e n\u00edveis de formalidade. Essas abordagens garantem um aprendizado eficaz e enriquecedor.<\/span><\/p>\n<p><span style=\"font-weight: 400;\">Est\u00e1 pronto para transformar suas habilidades em ingl\u00eas? Entre em contato conosco e comece sua jornada para a flu\u00eancia hoje mesmo!<\/span>[\/vc_column_text][\/vc_column][\/vc_row]<\/p>\n<\/div>","protected":false},"excerpt":{"rendered":"<p>[vc_row][vc_column][vc_column_text css=&#8221;&#8221;]Oferecemos servi\u00e7os de consultoria, coaching e treinamento dedicados ao aprimoramento do uso da l\u00edngua inglesa. Nossa consultoria identifica as necessidades de cada aluno e prop\u00f5e estrat\u00e9gias personalizadas para desenvolvimento.<\/p>\n","protected":false},"author":1,"featured_media":0,"parent":0,"menu_order":0,"comment_status":"open","ping_status":"open","template":"","meta":{"_acf_changed":false,"footnotes":""},"class_list":["post-521","page","type-page","status-publish","hentry"],"acf":[],"_links":{"self":[{"href":"https:\/\/sk-lc.com\/portugues\/wp-json\/wp\/v2\/pages\/521","targetHints":{"allow":["GET"]}}],"collection":[{"href":"https:\/\/sk-lc.com\/portugues\/wp-json\/wp\/v2\/pages"}],"about":[{"href":"https:\/\/sk-lc.com\/portugues\/wp-json\/wp\/v2\/types\/page"}],"author":[{"embeddable":true,"href":"https:\/\/sk-lc.com\/portugues\/wp-json\/wp\/v2\/users\/1"}],"replies":[{"embeddable":true,"href":"https:\/\/sk-lc.com\/portugues\/wp-json\/wp\/v2\/comments?post=521"}],"version-history":[{"count":7,"href":"https:\/\/sk-lc.com\/portugues\/wp-json\/wp\/v2\/pages\/521\/revisions"}],"predecessor-version":[{"id":789,"href":"https:\/\/sk-lc.com\/portugues\/wp-json\/wp\/v2\/pages\/521\/revisions\/789"}],"wp:attachment":[{"href":"https:\/\/sk-lc.com\/portugues\/wp-json\/wp\/v2\/media?parent=521"}],"curies":[{"name":"wp","href":"https:\/\/api.w.org\/{rel}","templated":true}]}}