{"id":68,"date":"2013-09-24T01:27:33","date_gmt":"2013-09-24T01:27:33","guid":{"rendered":"http:\/\/sk-lc.com\/portugues\/?page_id=68"},"modified":"2026-01-26T16:48:54","modified_gmt":"2026-01-26T19:48:54","slug":"ingl-s-para-o-trabalho","status":"publish","type":"page","link":"https:\/\/sk-lc.com\/portugues\/ingl-s-para-o-trabalho\/","title":{"rendered":"Ingl\u00eas para o trabalho"},"content":{"rendered":"<div class=\"wpb-content-wrapper\"><p>[vc_row][vc_column][vc_column_text css=&#8221;&#8221;]<span style=\"font-weight: 400;\">Aperfei\u00e7oar seu ingl\u00eas \u00e9 um passo crucial para qualquer profissional que busca se destacar no competitivo mercado de trabalho atual. No dia a dia, voc\u00ea pode precisar se comunicar com colegas de outros pa\u00edses, entender e escrever relat\u00f3rios e documentos em ingl\u00eas, comparecer a reuni\u00f5es, apresentar projetos ou at\u00e9 mesmo participar de confer\u00eancias. Dominar a l\u00edngua n\u00e3o apenas aumenta suas oportunidades de carreira, mas tamb\u00e9m pode levar a melhores sal\u00e1rios, promo\u00e7\u00f5es e acesso a um <\/span><i><span style=\"font-weight: 400;\">network<\/span><\/i><span style=\"font-weight: 400;\"> global. Al\u00e9m de facilitar a colabora\u00e7\u00e3o com equipes diversificadas, o ingl\u00eas \u00e9 a l\u00edngua predominante em muitas \u00e1reas, como tecnologia, neg\u00f3cios e ci\u00eancia, permitindo que voc\u00ea se mantenha atualizado(a) com as inova\u00e7\u00f5es do seu campo.&nbsp;<\/span><\/p>\n<p><span style=\"font-weight: 400;\">N\u00e3o perca a oportunidade de transformar sua trajet\u00f3ria profissional! Venha aprimorar seu ingl\u00eas conosco e abra as portas para um futuro mais promissor!<\/span>[\/vc_column_text][\/vc_column][\/vc_row]<\/p>\n<\/div>","protected":false},"excerpt":{"rendered":"<p>[vc_row][vc_column][vc_column_text css=&#8221;&#8221;]Aperfei\u00e7oar seu ingl\u00eas \u00e9 um passo crucial para qualquer profissional que busca se destacar no competitivo mercado de trabalho atual. No dia a dia, voc\u00ea pode precisar se comunicar<\/p>\n","protected":false},"author":1,"featured_media":0,"parent":0,"menu_order":0,"comment_status":"open","ping_status":"open","template":"","meta":{"_acf_changed":false,"footnotes":""},"class_list":["post-68","page","type-page","status-publish","hentry"],"acf":[],"_links":{"self":[{"href":"https:\/\/sk-lc.com\/portugues\/wp-json\/wp\/v2\/pages\/68","targetHints":{"allow":["GET"]}}],"collection":[{"href":"https:\/\/sk-lc.com\/portugues\/wp-json\/wp\/v2\/pages"}],"about":[{"href":"https:\/\/sk-lc.com\/portugues\/wp-json\/wp\/v2\/types\/page"}],"author":[{"embeddable":true,"href":"https:\/\/sk-lc.com\/portugues\/wp-json\/wp\/v2\/users\/1"}],"replies":[{"embeddable":true,"href":"https:\/\/sk-lc.com\/portugues\/wp-json\/wp\/v2\/comments?post=68"}],"version-history":[{"count":4,"href":"https:\/\/sk-lc.com\/portugues\/wp-json\/wp\/v2\/pages\/68\/revisions"}],"predecessor-version":[{"id":763,"href":"https:\/\/sk-lc.com\/portugues\/wp-json\/wp\/v2\/pages\/68\/revisions\/763"}],"wp:attachment":[{"href":"https:\/\/sk-lc.com\/portugues\/wp-json\/wp\/v2\/media?parent=68"}],"curies":[{"name":"wp","href":"https:\/\/api.w.org\/{rel}","templated":true}]}}