{"id":749,"date":"2026-01-26T16:22:14","date_gmt":"2026-01-26T19:22:14","guid":{"rendered":"https:\/\/sk-lc.com\/portugues\/?page_id=749"},"modified":"2026-01-27T10:55:06","modified_gmt":"2026-01-27T13:55:06","slug":"o-que-fazemos","status":"publish","type":"page","link":"https:\/\/sk-lc.com\/portugues\/o-que-fazemos\/","title":{"rendered":"O que fazemos"},"content":{"rendered":"<div class=\"wpb-content-wrapper\"><p>[vc_row][vc_column][vc_column_text css=&#8221;&#8221;]<span style=\"font-size: 12pt;\"><span style=\"font-weight: 400;\">Auxiliamos empresas e profissionais com dificuldades lingu\u00edsticas (ingl\u00eas e portugu\u00eas) a se tornarem comunicadores capazes de expressar suas ideias e navegar pelas complexidades do mundo moderno. Oferecemos uma ampla gama de servi\u00e7os, desde a consultoria e diagn\u00f3stico de dificuldade, passando pelo ensino e desenvolvimento de habilidades na fala, leitura, escrita e <\/span><i><span style=\"font-weight: 400;\">listening<\/span><\/i><span style=\"font-weight: 400;\">, at\u00e9 a prepara\u00e7\u00e3o para exames de profici\u00eancia diversos.<\/span><\/span><\/p>\n<p><span style=\"font-weight: 400; font-size: 12pt;\">Seja qual for a sua necessidade, entre em contato conosco e descubra como podemos juntos alcan\u00e7ar seus objetivos e abrir novas portas em sua vida!<\/span>[\/vc_column_text][\/vc_column][\/vc_row]<\/p>\n<\/div>","protected":false},"excerpt":{"rendered":"<p>[vc_row][vc_column][vc_column_text css=&#8221;&#8221;]Auxiliamos empresas e profissionais com dificuldades lingu\u00edsticas (ingl\u00eas e portugu\u00eas) a se tornarem comunicadores capazes de expressar suas ideias e navegar pelas complexidades do mundo moderno. Oferecemos uma ampla<\/p>\n","protected":false},"author":2,"featured_media":0,"parent":0,"menu_order":0,"comment_status":"closed","ping_status":"closed","template":"","meta":{"_acf_changed":false,"footnotes":""},"class_list":["post-749","page","type-page","status-publish","hentry"],"acf":[],"_links":{"self":[{"href":"https:\/\/sk-lc.com\/portugues\/wp-json\/wp\/v2\/pages\/749","targetHints":{"allow":["GET"]}}],"collection":[{"href":"https:\/\/sk-lc.com\/portugues\/wp-json\/wp\/v2\/pages"}],"about":[{"href":"https:\/\/sk-lc.com\/portugues\/wp-json\/wp\/v2\/types\/page"}],"author":[{"embeddable":true,"href":"https:\/\/sk-lc.com\/portugues\/wp-json\/wp\/v2\/users\/2"}],"replies":[{"embeddable":true,"href":"https:\/\/sk-lc.com\/portugues\/wp-json\/wp\/v2\/comments?post=749"}],"version-history":[{"count":3,"href":"https:\/\/sk-lc.com\/portugues\/wp-json\/wp\/v2\/pages\/749\/revisions"}],"predecessor-version":[{"id":777,"href":"https:\/\/sk-lc.com\/portugues\/wp-json\/wp\/v2\/pages\/749\/revisions\/777"}],"wp:attachment":[{"href":"https:\/\/sk-lc.com\/portugues\/wp-json\/wp\/v2\/media?parent=749"}],"curies":[{"name":"wp","href":"https:\/\/api.w.org\/{rel}","templated":true}]}}